{"id":342,"date":"2025-11-18T23:04:46","date_gmt":"2025-11-19T02:04:46","guid":{"rendered":"http:\/\/lunavitrolira1.hospedagemdesites.ws\/mulheresderepente\/?page_id=342"},"modified":"2026-03-27T16:58:05","modified_gmt":"2026-03-27T19:58:05","slug":"cartilha","status":"publish","type":"page","link":"https:\/\/mulheresderepente.com.br\/mulheresderepente\/cartilha\/","title":{"rendered":"Cartilha"},"content":{"rendered":"\t\t<div data-elementor-type=\"wp-page\" data-elementor-id=\"342\" class=\"elementor elementor-342\" data-elementor-post-type=\"page\">\n\t\t\t\t\t\t<section class=\"elementor-section elementor-top-section elementor-element elementor-element-983f67a elementor-section-height-min-height elementor-section-boxed elementor-section-height-default elementor-section-items-middle\" data-id=\"983f67a\" data-element_type=\"section\" data-e-type=\"section\" data-settings=\"{&quot;background_background&quot;:&quot;classic&quot;}\">\n\t\t\t\t\t\t<div class=\"elementor-container elementor-column-gap-default\">\n\t\t\t\t\t<div class=\"elementor-column elementor-col-100 elementor-top-column elementor-element elementor-element-2e02f26 elementor-invisible\" data-id=\"2e02f26\" data-element_type=\"column\" data-e-type=\"column\" data-settings=\"{&quot;animation&quot;:&quot;fadeIn&quot;}\">\n\t\t\t<div class=\"elementor-widget-wrap elementor-element-populated\">\n\t\t\t\t\t\t<div class=\"elementor-element elementor-element-9cf5405 elementor-widget elementor-widget-heading\" data-id=\"9cf5405\" data-element_type=\"widget\" data-e-type=\"widget\" data-widget_type=\"heading.default\">\n\t\t\t\t\t<h1 class=\"elementor-heading-title elementor-size-default\">CARTILHA<\/h1>\t\t\t\t<\/div>\n\t\t\t\t<div class=\"elementor-element elementor-element-679d31a elementor-widget elementor-widget-image\" data-id=\"679d31a\" data-element_type=\"widget\" data-e-type=\"widget\" data-widget_type=\"image.default\">\n\t\t\t\t\t\t\t\t\t\t\t\t\t\t\t<img fetchpriority=\"high\" decoding=\"async\" width=\"500\" height=\"182\" src=\"https:\/\/mulheresderepente.com.br\/mulheresderepente\/wp-content\/uploads\/2025\/11\/Mulheres-de-Repente-passaro-3.gif\" class=\"attachment-large size-large wp-image-627\" alt=\"\" \/>\t\t\t\t\t\t\t\t\t\t\t\t\t\t\t<\/div>\n\t\t\t\t\t<\/div>\n\t\t<\/div>\n\t\t\t\t\t<\/div>\n\t\t<\/section>\n\t\t\t\t<section class=\"elementor-section elementor-top-section elementor-element elementor-element-33a361a elementor-section-boxed elementor-section-height-default elementor-section-height-default\" data-id=\"33a361a\" data-element_type=\"section\" data-e-type=\"section\">\n\t\t\t\t\t\t<div class=\"elementor-container elementor-column-gap-no\">\n\t\t\t\t\t<div class=\"elementor-column elementor-col-100 elementor-top-column elementor-element elementor-element-b7d2fb3\" data-id=\"b7d2fb3\" data-element_type=\"column\" data-e-type=\"column\" data-settings=\"{&quot;background_background&quot;:&quot;classic&quot;}\">\n\t\t\t<div class=\"elementor-widget-wrap elementor-element-populated\">\n\t\t\t\t\t\t<section class=\"elementor-section elementor-inner-section elementor-element elementor-element-33caf16 elementor-section-content-middle elementor-reverse-mobile elementor-section-boxed elementor-section-height-default elementor-section-height-default\" data-id=\"33caf16\" data-element_type=\"section\" data-e-type=\"section\">\n\t\t\t\t\t\t<div class=\"elementor-container elementor-column-gap-default\">\n\t\t\t\t\t<div class=\"elementor-column elementor-col-50 elementor-inner-column elementor-element elementor-element-c4664e9\" data-id=\"c4664e9\" data-element_type=\"column\" data-e-type=\"column\">\n\t\t\t<div class=\"elementor-widget-wrap elementor-element-populated\">\n\t\t\t\t\t\t<div class=\"elementor-element elementor-element-6116ce9 elementor-widget elementor-widget-heading\" data-id=\"6116ce9\" data-element_type=\"widget\" data-e-type=\"widget\" data-widget_type=\"heading.default\">\n\t\t\t\t\t<h2 class=\"elementor-heading-title elementor-size-default\">Nossa Cartilha<\/h2>\t\t\t\t<\/div>\n\t\t\t\t<div class=\"elementor-element elementor-element-9a6b65c elementor-widget-tablet__width-initial elementor-widget-mobile__width-inherit elementor-widget elementor-widget-text-editor\" data-id=\"9a6b65c\" data-element_type=\"widget\" data-e-type=\"widget\" data-widget_type=\"text-editor.default\">\n\t\t\t\t\t\t\t\t\t<p style=\"text-align: justify;\">A Cartilha Mulheres de Repente re\u00fane a trajet\u00f3ria do coletivo, seus principais marcos e a\u00e7\u00f5es, aliando registro hist\u00f3rico e pr\u00e1tica pedag\u00f3gica. O material apresenta reflex\u00f5es sobre o Sert\u00e3o do Paje\u00fa, o processo de forma\u00e7\u00e3o de novas glosadoras, as rela\u00e7\u00f5es entre g\u00eanero e cultura popular e a import\u00e2ncia da autoria feminina no universo do repente. A cartilha ensina a arte da glosa, detalhando sua estrutura t\u00e9cnica, os motes e temas tradicionais, os fundamentos da m\u00e9trica, da rima e da memoriza\u00e7\u00e3o. Inclui ainda uma se\u00e7\u00e3o pr\u00e1tica com exerc\u00edcios e orienta\u00e7\u00f5es para a montagem de uma Mesa de Glosas, incentivando a autonomia e a continuidade dessa express\u00e3o po\u00e9tica.<\/p>\t\t\t\t\t\t\t\t<\/div>\n\t\t\t\t<div class=\"elementor-element elementor-element-a64aeb1 elementor-widget elementor-widget-button\" data-id=\"a64aeb1\" data-element_type=\"widget\" data-e-type=\"widget\" data-widget_type=\"button.default\">\n\t\t\t\t\t\t\t\t\t\t<a class=\"elementor-button elementor-button-link elementor-size-sm\" href=\"http:\/\/lunavitrolira1.hospedagemdesites.ws\/mulheresderepente\/wp-content\/uploads\/2025\/11\/Mulheres-de-Repente-Cartilha.pdf\" target=\"_blank\">\n\t\t\t\t\t\t<span class=\"elementor-button-content-wrapper\">\n\t\t\t\t\t\t<span class=\"elementor-button-icon\">\n\t\t\t\t<svg aria-hidden=\"true\" class=\"e-font-icon-svg e-fas-file-pdf\" viewBox=\"0 0 384 512\" xmlns=\"http:\/\/www.w3.org\/2000\/svg\"><path d=\"M181.9 256.1c-5-16-4.9-46.9-2-46.9 8.4 0 7.6 36.9 2 46.9zm-1.7 47.2c-7.7 20.2-17.3 43.3-28.4 62.7 18.3-7 39-17.2 62.9-21.9-12.7-9.6-24.9-23.4-34.5-40.8zM86.1 428.1c0 .8 13.2-5.4 34.9-40.2-6.7 6.3-29.1 24.5-34.9 40.2zM248 160h136v328c0 13.3-10.7 24-24 24H24c-13.3 0-24-10.7-24-24V24C0 10.7 10.7 0 24 0h200v136c0 13.2 10.8 24 24 24zm-8 171.8c-20-12.2-33.3-29-42.7-53.8 4.5-18.5 11.6-46.6 6.2-64.2-4.7-29.4-42.4-26.5-47.8-6.8-5 18.3-.4 44.1 8.1 77-11.6 27.6-28.7 64.6-40.8 85.8-.1 0-.1.1-.2.1-27.1 13.9-73.6 44.5-54.5 68 5.6 6.9 16 10 21.5 10 17.9 0 35.7-18 61.1-61.8 25.8-8.5 54.1-19.1 79-23.2 21.7 11.8 47.1 19.5 64 19.5 29.2 0 31.2-32 19.7-43.4-13.9-13.6-54.3-9.7-73.6-7.2zM377 105L279 7c-4.5-4.5-10.6-7-17-7h-6v128h128v-6.1c0-6.3-2.5-12.4-7-16.9zm-74.1 255.3c4.1-2.7-2.5-11.9-42.8-9 37.1 15.8 42.8 9 42.8 9z\"><\/path><\/svg>\t\t\t<\/span>\n\t\t\t\t\t\t\t\t\t<span class=\"elementor-button-text\">Abra a cartilha online<\/span>\n\t\t\t\t\t<\/span>\n\t\t\t\t\t<\/a>\n\t\t\t\t\t\t\t\t<\/div>\n\t\t\t\t\t<\/div>\n\t\t<\/div>\n\t\t\t\t<div class=\"elementor-column elementor-col-50 elementor-inner-column elementor-element elementor-element-eb34141 elementor-hidden-tablet elementor-hidden-mobile\" data-id=\"eb34141\" data-element_type=\"column\" data-e-type=\"column\">\n\t\t\t<div class=\"elementor-widget-wrap elementor-element-populated\">\n\t\t\t\t\t\t<div class=\"elementor-element elementor-element-485dacc elementor-widget elementor-widget-image\" data-id=\"485dacc\" data-element_type=\"widget\" data-e-type=\"widget\" data-widget_type=\"image.default\">\n\t\t\t\t\t\t\t\t\t\t\t\t\t\t\t\t<a href=\"http:\/\/lunavitrolira1.hospedagemdesites.ws\/mulheresderepente\/wp-content\/uploads\/2025\/11\/Mulheres-de-Repente-Cartilha.pdf\" target=\"_blank\">\n\t\t\t\t\t\t\t<img decoding=\"async\" src=\"https:\/\/mulheresderepente.com.br\/mulheresderepente\/wp-content\/uploads\/2025\/11\/Mulheres-de-Repente-Cartilha-Capa.jpg\" title=\"Mulheres-de-Repente&#8212;Cartilha-Capa\" alt=\"Mulheres-de-Repente---Cartilha-Capa\" loading=\"lazy\" \/>\t\t\t\t\t\t\t\t<\/a>\n\t\t\t\t\t\t\t\t\t\t\t\t\t\t\t<\/div>\n\t\t\t\t\t<\/div>\n\t\t<\/div>\n\t\t\t\t\t<\/div>\n\t\t<\/section>\n\t\t\t\t<div class=\"elementor-element elementor-element-64db7e1 elementor-absolute elementor-hidden-desktop elementor-hidden-tablet elementor-hidden-mobile elementor-widget elementor-widget-spacer\" data-id=\"64db7e1\" data-element_type=\"widget\" data-e-type=\"widget\" data-settings=\"{&quot;_position&quot;:&quot;absolute&quot;}\" data-widget_type=\"spacer.default\">\n\t\t\t\t\t\t\t<div class=\"elementor-spacer\">\n\t\t\t<div class=\"elementor-spacer-inner\"><\/div>\n\t\t<\/div>\n\t\t\t\t\t\t<\/div>\n\t\t\t\t\t<\/div>\n\t\t<\/div>\n\t\t\t\t\t<\/div>\n\t\t<\/section>\n\t\t\t\t<\/div>\n\t\t","protected":false},"excerpt":{"rendered":"<p>CARTILHA Nossa Cartilha A Cartilha Mulheres de Repente re\u00fane a trajet\u00f3ria do coletivo, seus principais marcos e a\u00e7\u00f5es, aliando registro hist\u00f3rico e pr\u00e1tica pedag\u00f3gica. O material apresenta reflex\u00f5es sobre o Sert\u00e3o do Paje\u00fa, o processo de forma\u00e7\u00e3o de novas glosadoras, as rela\u00e7\u00f5es entre g\u00eanero e cultura popular e a import\u00e2ncia da autoria feminina no universo [&hellip;]<\/p>\n","protected":false},"author":1,"featured_media":0,"parent":0,"menu_order":0,"comment_status":"closed","ping_status":"closed","template":"elementor_header_footer","meta":{"footnotes":""},"class_list":["post-342","page","type-page","status-publish","hentry"],"_links":{"self":[{"href":"https:\/\/mulheresderepente.com.br\/mulheresderepente\/wp-json\/wp\/v2\/pages\/342","targetHints":{"allow":["GET"]}}],"collection":[{"href":"https:\/\/mulheresderepente.com.br\/mulheresderepente\/wp-json\/wp\/v2\/pages"}],"about":[{"href":"https:\/\/mulheresderepente.com.br\/mulheresderepente\/wp-json\/wp\/v2\/types\/page"}],"author":[{"embeddable":true,"href":"https:\/\/mulheresderepente.com.br\/mulheresderepente\/wp-json\/wp\/v2\/users\/1"}],"replies":[{"embeddable":true,"href":"https:\/\/mulheresderepente.com.br\/mulheresderepente\/wp-json\/wp\/v2\/comments?post=342"}],"version-history":[{"count":85,"href":"https:\/\/mulheresderepente.com.br\/mulheresderepente\/wp-json\/wp\/v2\/pages\/342\/revisions"}],"predecessor-version":[{"id":1369,"href":"https:\/\/mulheresderepente.com.br\/mulheresderepente\/wp-json\/wp\/v2\/pages\/342\/revisions\/1369"}],"wp:attachment":[{"href":"https:\/\/mulheresderepente.com.br\/mulheresderepente\/wp-json\/wp\/v2\/media?parent=342"}],"curies":[{"name":"wp","href":"https:\/\/api.w.org\/{rel}","templated":true}]}}