{"id":103,"date":"2025-11-13T12:08:03","date_gmt":"2025-11-13T15:08:03","guid":{"rendered":"http:\/\/lunavitrolira1.hospedagemdesites.ws\/mulheresderepente\/?page_id=103"},"modified":"2026-03-27T16:41:28","modified_gmt":"2026-03-27T19:41:28","slug":"sobre","status":"publish","type":"page","link":"https:\/\/mulheresderepente.com.br\/mulheresderepente\/sobre\/","title":{"rendered":"Sobre o Mulheres de Repente"},"content":{"rendered":"\t\t<div data-elementor-type=\"wp-page\" data-elementor-id=\"103\" class=\"elementor elementor-103\" data-elementor-post-type=\"page\">\n\t\t\t\t\t\t<section class=\"elementor-section elementor-top-section elementor-element elementor-element-61e9bb9a elementor-section-height-min-height elementor-section-boxed elementor-section-height-default elementor-section-items-middle\" data-id=\"61e9bb9a\" data-element_type=\"section\" data-e-type=\"section\" data-settings=\"{&quot;background_background&quot;:&quot;classic&quot;}\">\n\t\t\t\t\t\t<div class=\"elementor-container elementor-column-gap-default\">\n\t\t\t\t\t<div class=\"elementor-column elementor-col-100 elementor-top-column elementor-element elementor-element-55269dc2 elementor-invisible\" data-id=\"55269dc2\" data-element_type=\"column\" data-e-type=\"column\" data-settings=\"{&quot;animation&quot;:&quot;fadeIn&quot;}\">\n\t\t\t<div class=\"elementor-widget-wrap elementor-element-populated\">\n\t\t\t\t\t\t<div class=\"elementor-element elementor-element-f23ce49 elementor-widget elementor-widget-heading\" data-id=\"f23ce49\" data-element_type=\"widget\" data-e-type=\"widget\" data-widget_type=\"heading.default\">\n\t\t\t\t\t<h1 class=\"elementor-heading-title elementor-size-default\">CONHE\u00c7A O PROJETO<\/h1>\t\t\t\t<\/div>\n\t\t\t\t<div class=\"elementor-element elementor-element-f12ea05 elementor-widget elementor-widget-image\" data-id=\"f12ea05\" data-element_type=\"widget\" data-e-type=\"widget\" data-widget_type=\"image.default\">\n\t\t\t\t\t\t\t\t\t\t\t\t\t\t\t<img fetchpriority=\"high\" decoding=\"async\" width=\"500\" height=\"182\" src=\"https:\/\/mulheresderepente.com.br\/mulheresderepente\/wp-content\/uploads\/2025\/11\/Mulheres-de-Repente-passaro-3.gif\" class=\"attachment-large size-large wp-image-627\" alt=\"\" \/>\t\t\t\t\t\t\t\t\t\t\t\t\t\t\t<\/div>\n\t\t\t\t\t<\/div>\n\t\t<\/div>\n\t\t\t\t\t<\/div>\n\t\t<\/section>\n\t\t\t\t<section class=\"elementor-section elementor-top-section elementor-element elementor-element-2771b5ca elementor-section-full_width elementor-section-height-default elementor-section-height-default\" data-id=\"2771b5ca\" data-element_type=\"section\" data-e-type=\"section\">\n\t\t\t\t\t\t<div class=\"elementor-container elementor-column-gap-no\">\n\t\t\t\t\t<div class=\"elementor-column elementor-col-100 elementor-top-column elementor-element elementor-element-390fddc5 elementor-hidden-tablet elementor-hidden-mobile\" data-id=\"390fddc5\" data-element_type=\"column\" data-e-type=\"column\" data-settings=\"{&quot;background_background&quot;:&quot;classic&quot;}\">\n\t\t\t<div class=\"elementor-widget-wrap elementor-element-populated\">\n\t\t\t\t\t\t<section class=\"elementor-section elementor-inner-section elementor-element elementor-element-e93ac0e elementor-section-content-middle elementor-reverse-mobile elementor-section-boxed elementor-section-height-default elementor-section-height-default\" data-id=\"e93ac0e\" data-element_type=\"section\" data-e-type=\"section\">\n\t\t\t\t\t\t<div class=\"elementor-container elementor-column-gap-default\">\n\t\t\t\t\t<div class=\"elementor-column elementor-col-33 elementor-inner-column elementor-element elementor-element-618d5bcb elementor-hidden-tablet elementor-hidden-mobile\" data-id=\"618d5bcb\" data-element_type=\"column\" data-e-type=\"column\">\n\t\t\t<div class=\"elementor-widget-wrap\">\n\t\t\t\t\t\t\t<\/div>\n\t\t<\/div>\n\t\t\t\t<div class=\"elementor-column elementor-col-33 elementor-inner-column elementor-element elementor-element-46794bda\" data-id=\"46794bda\" data-element_type=\"column\" data-e-type=\"column\">\n\t\t\t<div class=\"elementor-widget-wrap elementor-element-populated\">\n\t\t\t\t\t\t<div class=\"elementor-element elementor-element-469bc16 elementor-widget elementor-widget-heading\" data-id=\"469bc16\" data-element_type=\"widget\" data-e-type=\"widget\" data-widget_type=\"heading.default\">\n\t\t\t\t\t<h2 class=\"elementor-heading-title elementor-size-default\">Mulheres de Repente<\/h2>\t\t\t\t<\/div>\n\t\t\t\t<div class=\"elementor-element elementor-element-0fc6b24 elementor-widget-tablet__width-initial elementor-widget-mobile__width-inherit elementor-widget elementor-widget-text-editor\" data-id=\"0fc6b24\" data-element_type=\"widget\" data-e-type=\"widget\" data-widget_type=\"text-editor.default\">\n\t\t\t\t\t\t\t\t\t<p style=\"text-align: justify;\">O Mulheres de Repente, idealizado por Luna Vitrolira, multiartista e mestra em teoria da literatura pela UFPE, \u00e9 um projeto iniciado em 2018 que tem se fortalecido e conta com a participa\u00e7\u00e3o das poetas glosadoras Dayane Rocha (Brejinho de Tabira), Elenilda Amaral (Afogados da Ingazeira), Erivoneide Amaral (Afogados da Ingazeira), Francisca Ara\u00fajo (Iguaracy), Milene Augusto (Solid\u00e3o), Thaynnara Queir\u00f3z (Afogados da Ingazeira), e Luna Vitrolira, que \u00e9 poeta e coordenadora do projeto, do qual faz parte tamb\u00e9m a produtora executiva Taciana Enes.<\/p>\t\t\t\t\t\t\t\t<\/div>\n\t\t\t\t<div class=\"elementor-element elementor-element-7d1f719 elementor-widget-tablet__width-initial elementor-widget-mobile__width-inherit elementor-widget elementor-widget-text-editor\" data-id=\"7d1f719\" data-element_type=\"widget\" data-e-type=\"widget\" data-widget_type=\"text-editor.default\">\n\t\t\t\t\t\t\t\t\t<p>O grupo se reuniu com o prop\u00f3sito de reconhecer, registrar e valorizar a presen\u00e7a das mulheres na tradicional modalidade de poesia de improviso \u201cMesa de Glosas\u201d, do sert\u00e3o do Paje\u00fa, em Pernambuco.<\/p>\t\t\t\t\t\t\t\t<\/div>\n\t\t\t\t<div class=\"elementor-element elementor-element-1718ef9 elementor-widget__width-initial elementor-widget-tablet__width-inherit elementor-widget-mobile__width-inherit elementor-widget elementor-widget-text-editor\" data-id=\"1718ef9\" data-element_type=\"widget\" data-e-type=\"widget\" data-widget_type=\"text-editor.default\">\n\t\t\t\t\t\t\t\t\t<p style=\"text-align: justify;\">Criada na cidade de Tabira, em 1996, \u200b\u200ba Mesa de Glosas \u00e9 um dos g\u00eaneros po\u00e9ticos da arte oral de tradi\u00e7\u00e3o do Paje\u00fa, que descende do repente. Essa modalidade consiste em um desafio, sem viola, entre poetas participantes da Mesa, para criar versos feitos de improviso, sem o apoio de nenhum tipo de suporte, usando um conjunto de regras r\u00edgidas que definem a estrutura, o ritmo, a m\u00e9trica e o esquema de rimas do poema, a partir dos motes revelados, no exato momento da glosa, pela pessoa coordenadora da mesa, sem que ningu\u00e9m tenha conhecimento pr\u00e9vio com rela\u00e7\u00e3o aos temas que ser\u00e3o desenvolvidos.<\/p><p style=\"text-align: justify;\">Essa tradi\u00e7\u00e3o po\u00e9tica sempre teve uma barreira invis\u00edvel para as mulheres, que eram constantemente deixadas \u00e0 margem desse universo. Mas essa hist\u00f3ria come\u00e7ou a mudar em 20 de julho de 2013, quando, pela primeira vez, a presen\u00e7a feminina marcou a mesa de glosas, em S\u00e3o Jos\u00e9 do Egito. Essa primeira mesa com a participa\u00e7\u00e3o de poetisas do paje\u00fa foi idealizada pelo poeta Marcos Passos, em uma programa\u00e7\u00e3o que homenageava a poetisa Severina Branco e o poeta Jo\u00e3o Batista de Siqueira, Canc\u00e3o. As protagonistas desse momento hist\u00f3rico foram as poetisas Elenilda Amaral e Dayane Rocha, duas mulheres que ousaram desafiar as normas e provar que a arte do improviso tamb\u00e9m pertence a elas.<\/p><p style=\"text-align: justify; padding-left: 120px;\">Desde sua cria\u00e7\u00e3o em 2018, o grupo atua na preserva\u00e7\u00e3o e renova\u00e7\u00e3o dessa modalidade de poesia improvisada, promovendo encontros, forma\u00e7\u00f5es, performances e pesquisas que ampliam o espa\u00e7o da mulher na literatura popular e fortalecem a mem\u00f3ria coletiva das comunidades sertanejas.<\/p><p style=\"text-align: justify; padding-left: 120px;\">O coletivo desenvolve a\u00e7\u00f5es que articulam arte, educa\u00e7\u00e3o e pesquisa, incluindo a elabora\u00e7\u00e3o de uma cartilha pedag\u00f3gica, estudos sobre a presen\u00e7a feminina na glosa, produ\u00e7\u00e3o de conte\u00fados audiovisuais e apresenta\u00e7\u00f5es em festivais e eventos culturais no Brasil e no exterior.<\/p><p style=\"text-align: justify; padding-left: 120px;\">Mais do que um grupo art\u00edstico, o Mulheres de Repente \u00e9 um movimento de afirma\u00e7\u00e3o e continuidade. Suas integrantes, com vozes singulares e trajet\u00f3rias diversas, unem tradi\u00e7\u00e3o e contemporaneidade, criando novas formas de express\u00e3o a partir da oralidade, da improvisa\u00e7\u00e3o e da escuta sens\u00edvel.<\/p><p style=\"text-align: justify; padding-left: 120px;\">Por meio da for\u00e7a da palavra falada, o coletivo reafirma que a cultura popular \u00e9 um territ\u00f3rio vivo, e que a presen\u00e7a das mulheres \u00e9 fundamental para a preserva\u00e7\u00e3o e a transforma\u00e7\u00e3o dessa heran\u00e7a.<\/p>\t\t\t\t\t\t\t\t<\/div>\n\t\t\t\t\t<\/div>\n\t\t<\/div>\n\t\t\t\t<div class=\"elementor-column elementor-col-33 elementor-inner-column elementor-element elementor-element-81153ab elementor-hidden-tablet elementor-hidden-mobile\" data-id=\"81153ab\" data-element_type=\"column\" data-e-type=\"column\">\n\t\t\t<div class=\"elementor-widget-wrap\">\n\t\t\t\t\t\t\t<\/div>\n\t\t<\/div>\n\t\t\t\t\t<\/div>\n\t\t<\/section>\n\t\t\t\t<div class=\"elementor-element elementor-element-52ae9df7 elementor-absolute elementor-hidden-desktop elementor-hidden-tablet elementor-hidden-mobile elementor-widget elementor-widget-spacer\" data-id=\"52ae9df7\" data-element_type=\"widget\" data-e-type=\"widget\" data-settings=\"{&quot;_position&quot;:&quot;absolute&quot;}\" data-widget_type=\"spacer.default\">\n\t\t\t\t\t\t\t<div class=\"elementor-spacer\">\n\t\t\t<div class=\"elementor-spacer-inner\"><\/div>\n\t\t<\/div>\n\t\t\t\t\t\t<\/div>\n\t\t\t\t\t<\/div>\n\t\t<\/div>\n\t\t\t\t\t<\/div>\n\t\t<\/section>\n\t\t\t\t<section class=\"elementor-section elementor-top-section elementor-element elementor-element-40e02de elementor-section-full_width elementor-section-height-default elementor-section-height-default\" data-id=\"40e02de\" data-element_type=\"section\" data-e-type=\"section\">\n\t\t\t\t\t\t<div class=\"elementor-container elementor-column-gap-no\">\n\t\t\t\t\t<div class=\"elementor-column elementor-col-100 elementor-top-column elementor-element elementor-element-39be239 elementor-hidden-desktop\" data-id=\"39be239\" data-element_type=\"column\" data-e-type=\"column\" data-settings=\"{&quot;background_background&quot;:&quot;classic&quot;}\">\n\t\t\t<div class=\"elementor-widget-wrap elementor-element-populated\">\n\t\t\t\t\t\t<section class=\"elementor-section elementor-inner-section elementor-element elementor-element-0a1464e elementor-section-content-middle elementor-reverse-mobile elementor-section-boxed elementor-section-height-default elementor-section-height-default\" data-id=\"0a1464e\" data-element_type=\"section\" data-e-type=\"section\">\n\t\t\t\t\t\t<div class=\"elementor-container elementor-column-gap-default\">\n\t\t\t\t\t<div class=\"elementor-column elementor-col-100 elementor-inner-column elementor-element elementor-element-ab594eb\" data-id=\"ab594eb\" data-element_type=\"column\" data-e-type=\"column\">\n\t\t\t<div class=\"elementor-widget-wrap elementor-element-populated\">\n\t\t\t\t\t\t<div class=\"elementor-element elementor-element-ef0f857 elementor-widget elementor-widget-heading\" data-id=\"ef0f857\" data-element_type=\"widget\" data-e-type=\"widget\" data-widget_type=\"heading.default\">\n\t\t\t\t\t<h2 class=\"elementor-heading-title elementor-size-default\">Mulheres de Repente<\/h2>\t\t\t\t<\/div>\n\t\t\t\t<div class=\"elementor-element elementor-element-39a19ef elementor-widget-tablet__width-initial elementor-widget-mobile__width-inherit elementor-widget elementor-widget-text-editor\" data-id=\"39a19ef\" data-element_type=\"widget\" data-e-type=\"widget\" data-widget_type=\"text-editor.default\">\n\t\t\t\t\t\t\t\t\t<p style=\"text-align: justify;\">O Mulheres de Repente, idealizado por Luna Vitrolira, multiartista e mestra em teoria da literatura pela UFPE, \u00e9 um projeto iniciado em 2018 que tem se fortalecido e conta com a participa\u00e7\u00e3o das poetas glosadoras Dayane Rocha (Brejinho de Tabira), Elenilda Amaral (Afogados da Ingazeira), Erivoneide Amaral (Afogados da Ingazeira), Francisca Ara\u00fajo (Iguaracy), Milene Augusto (Solid\u00e3o), Thaynnara Queir\u00f3z (Afogados da Ingazeira), e Luna Vitrolira, que \u00e9 poeta e coordenadora do projeto, do qual faz parte tamb\u00e9m a produtora executiva Taciana Enes.<\/p>\t\t\t\t\t\t\t\t<\/div>\n\t\t\t\t<div class=\"elementor-element elementor-element-6b496d7 elementor-widget-tablet__width-initial elementor-widget-mobile__width-inherit elementor-widget elementor-widget-text-editor\" data-id=\"6b496d7\" data-element_type=\"widget\" data-e-type=\"widget\" data-widget_type=\"text-editor.default\">\n\t\t\t\t\t\t\t\t\t<p>O grupo se reuniu com o prop\u00f3sito de reconhecer, registrar e valorizar a presen\u00e7a das mulheres na tradicional modalidade de poesia de improviso \u201cMesa de Glosas\u201d, do sert\u00e3o do Paje\u00fa, em Pernambuco.<\/p>\t\t\t\t\t\t\t\t<\/div>\n\t\t\t\t<div class=\"elementor-element elementor-element-60a4666 elementor-widget__width-initial elementor-widget-tablet__width-inherit elementor-widget-mobile__width-inherit elementor-widget elementor-widget-text-editor\" data-id=\"60a4666\" data-element_type=\"widget\" data-e-type=\"widget\" data-widget_type=\"text-editor.default\">\n\t\t\t\t\t\t\t\t\t<p style=\"text-align: justify;\">Criada na cidade de Tabira, em 1996, \u200b\u200ba Mesa de Glosas \u00e9 um dos g\u00eaneros po\u00e9ticos da arte oral de tradi\u00e7\u00e3o do Paje\u00fa, que descende do repente. Essa modalidade consiste em um desafio, sem viola, entre poetas participantes da Mesa, para criar versos feitos de improviso, sem o apoio de nenhum tipo de suporte, usando um conjunto de regras r\u00edgidas que definem a estrutura, o ritmo, a m\u00e9trica e o esquema de rimas do poema, a partir dos motes revelados, no exato momento da glosa, pela pessoa coordenadora da mesa, sem que ningu\u00e9m tenha conhecimento pr\u00e9vio com rela\u00e7\u00e3o aos temas que ser\u00e3o desenvolvidos.<\/p><p style=\"text-align: justify;\">Essa tradi\u00e7\u00e3o po\u00e9tica sempre teve uma barreira invis\u00edvel para as mulheres, que eram constantemente deixadas \u00e0 margem desse universo. Mas essa hist\u00f3ria come\u00e7ou a mudar em 20 de julho de 2013, quando, pela primeira vez, a presen\u00e7a feminina marcou a mesa de glosas, em S\u00e3o Jos\u00e9 do Egito. Essa primeira mesa com a participa\u00e7\u00e3o de poetisas do paje\u00fa foi idealizada pelo poeta Marcos Passos, em uma programa\u00e7\u00e3o que homenageava a poetisa Severina Branco e o poeta Jo\u00e3o Batista de Siqueira, Canc\u00e3o. As protagonistas desse momento hist\u00f3rico foram as poetisas Elenilda Amaral e Dayane Rocha, duas mulheres que ousaram desafiar as normas e provar que a arte do improviso tamb\u00e9m pertence a elas.<\/p><p style=\"text-align: justify;\">Desde sua cria\u00e7\u00e3o em 2018, o grupo atua na preserva\u00e7\u00e3o e renova\u00e7\u00e3o dessa modalidade de poesia improvisada, promovendo encontros, forma\u00e7\u00f5es, performances e pesquisas que ampliam o espa\u00e7o da mulher na literatura popular e fortalecem a mem\u00f3ria coletiva das comunidades sertanejas.<\/p><p style=\"text-align: justify;\">O coletivo desenvolve a\u00e7\u00f5es que articulam arte, educa\u00e7\u00e3o e pesquisa, incluindo a elabora\u00e7\u00e3o de uma cartilha pedag\u00f3gica, estudos sobre a presen\u00e7a feminina na glosa, produ\u00e7\u00e3o de conte\u00fados audiovisuais e apresenta\u00e7\u00f5es em festivais e eventos culturais no Brasil e no exterior.<\/p><p style=\"text-align: justify;\">Mais do que um grupo art\u00edstico, o Mulheres de Repente \u00e9 um movimento de afirma\u00e7\u00e3o e continuidade. Suas integrantes, com vozes singulares e trajet\u00f3rias diversas, unem tradi\u00e7\u00e3o e contemporaneidade, criando novas formas de express\u00e3o a partir da oralidade, da improvisa\u00e7\u00e3o e da escuta sens\u00edvel.<\/p><p style=\"text-align: justify;\">Por meio da for\u00e7a da palavra falada, o coletivo reafirma que a cultura popular \u00e9 um territ\u00f3rio vivo, e que a presen\u00e7a das mulheres \u00e9 fundamental para a preserva\u00e7\u00e3o e a transforma\u00e7\u00e3o dessa heran\u00e7a.<\/p>\t\t\t\t\t\t\t\t<\/div>\n\t\t\t\t\t<\/div>\n\t\t<\/div>\n\t\t\t\t\t<\/div>\n\t\t<\/section>\n\t\t\t\t<div class=\"elementor-element elementor-element-6762df2 elementor-absolute elementor-hidden-desktop elementor-hidden-tablet elementor-hidden-mobile elementor-widget elementor-widget-spacer\" data-id=\"6762df2\" data-element_type=\"widget\" data-e-type=\"widget\" data-settings=\"{&quot;_position&quot;:&quot;absolute&quot;}\" data-widget_type=\"spacer.default\">\n\t\t\t\t\t\t\t<div class=\"elementor-spacer\">\n\t\t\t<div class=\"elementor-spacer-inner\"><\/div>\n\t\t<\/div>\n\t\t\t\t\t\t<\/div>\n\t\t\t\t\t<\/div>\n\t\t<\/div>\n\t\t\t\t\t<\/div>\n\t\t<\/section>\n\t\t\t\t<\/div>\n\t\t","protected":false},"excerpt":{"rendered":"<p>CONHE\u00c7A O PROJETO Mulheres de Repente O Mulheres de Repente, idealizado por Luna Vitrolira, multiartista e mestra em teoria da literatura pela UFPE, \u00e9 um projeto iniciado em 2018 que tem se fortalecido e conta com a participa\u00e7\u00e3o das poetas glosadoras Dayane Rocha (Brejinho de Tabira), Elenilda Amaral (Afogados da Ingazeira), Erivoneide Amaral (Afogados da [&hellip;]<\/p>\n","protected":false},"author":1,"featured_media":0,"parent":0,"menu_order":0,"comment_status":"closed","ping_status":"closed","template":"elementor_header_footer","meta":{"footnotes":""},"class_list":["post-103","page","type-page","status-publish","hentry"],"_links":{"self":[{"href":"https:\/\/mulheresderepente.com.br\/mulheresderepente\/wp-json\/wp\/v2\/pages\/103","targetHints":{"allow":["GET"]}}],"collection":[{"href":"https:\/\/mulheresderepente.com.br\/mulheresderepente\/wp-json\/wp\/v2\/pages"}],"about":[{"href":"https:\/\/mulheresderepente.com.br\/mulheresderepente\/wp-json\/wp\/v2\/types\/page"}],"author":[{"embeddable":true,"href":"https:\/\/mulheresderepente.com.br\/mulheresderepente\/wp-json\/wp\/v2\/users\/1"}],"replies":[{"embeddable":true,"href":"https:\/\/mulheresderepente.com.br\/mulheresderepente\/wp-json\/wp\/v2\/comments?post=103"}],"version-history":[{"count":283,"href":"https:\/\/mulheresderepente.com.br\/mulheresderepente\/wp-json\/wp\/v2\/pages\/103\/revisions"}],"predecessor-version":[{"id":1360,"href":"https:\/\/mulheresderepente.com.br\/mulheresderepente\/wp-json\/wp\/v2\/pages\/103\/revisions\/1360"}],"wp:attachment":[{"href":"https:\/\/mulheresderepente.com.br\/mulheresderepente\/wp-json\/wp\/v2\/media?parent=103"}],"curies":[{"name":"wp","href":"https:\/\/api.w.org\/{rel}","templated":true}]}}